{"id":7828,"date":"2019-11-11T05:50:36","date_gmt":"2019-11-11T05:50:36","guid":{"rendered":"http:\/\/futurepadelacademy.com\/homepage-5\/"},"modified":"2024-04-11T10:13:32","modified_gmt":"2024-04-11T08:13:32","slug":"homepage-5","status":"publish","type":"page","link":"https:\/\/www.futurepadelacademy.com\/ca\/","title":{"rendered":"Inicio"},"content":{"rendered":"","protected":false},"excerpt":{"rendered":"","protected":false},"author":2,"featured_media":8903,"parent":0,"menu_order":0,"comment_status":"closed","ping_status":"closed","template":"","meta":[],"yoast_head":"<!-- This site is optimized with the Yoast SEO plugin v18.9 - https:\/\/yoast.com\/wordpress\/plugins\/seo\/ -->\n<title>Inicio - Future Padel Academy<\/title>\n<meta name=\"description\" content=\"Acad\u00e8mia de p\u00e0del ubicada a Castelldefels, Barcelona. Ofereix un programa adaptat a cada individu, que maximitza la for\u00e7a dels jugadors.\" \/>\n<meta name=\"robots\" content=\"index, follow, max-snippet:-1, max-image-preview:large, max-video-preview:-1\" \/>\n<link rel=\"canonical\" href=\"https:\/\/www.futurepadelacademy.com\/ca\/\" \/>\n<meta property=\"og:locale\" content=\"ca_ES\" \/>\n<meta property=\"og:type\" content=\"article\" \/>\n<meta property=\"og:title\" content=\"Inicio - Future Padel Academy\" \/>\n<meta property=\"og:description\" content=\"Acad\u00e8mia de p\u00e0del ubicada a Castelldefels, Barcelona. Ofereix un programa adaptat a cada individu, que maximitza la for\u00e7a dels jugadors.\" \/>\n<meta property=\"og:url\" content=\"https:\/\/www.futurepadelacademy.com\/ca\/\" \/>\n<meta property=\"og:site_name\" content=\"Future Padel Academy\" \/>\n<meta property=\"article:modified_time\" content=\"2024-04-11T08:13:32+00:00\" \/>\n<meta property=\"og:image\" content=\"https:\/\/www.futurepadelacademy.com\/wp-content\/uploads\/2022\/01\/LOGO_Fons_blanc-e1676472945723.png\" \/>\n\t<meta property=\"og:image:width\" content=\"4373\" \/>\n\t<meta property=\"og:image:height\" content=\"5189\" \/>\n\t<meta property=\"og:image:type\" content=\"image\/png\" \/>\n<meta name=\"twitter:card\" content=\"summary_large_image\" \/>\n<script type=\"application\/ld+json\" class=\"yoast-schema-graph\">{\"@context\":\"https:\/\/schema.org\",\"@graph\":[{\"@type\":\"WebSite\",\"@id\":\"https:\/\/www.futurepadelacademy.com\/#website\",\"url\":\"https:\/\/www.futurepadelacademy.com\/\",\"name\":\"Future Padel Academy\",\"description\":\"\",\"potentialAction\":[{\"@type\":\"SearchAction\",\"target\":{\"@type\":\"EntryPoint\",\"urlTemplate\":\"https:\/\/www.futurepadelacademy.com\/?s={search_term_string}\"},\"query-input\":\"required name=search_term_string\"}],\"inLanguage\":\"ca\"},{\"@type\":\"ImageObject\",\"inLanguage\":\"ca\",\"@id\":\"https:\/\/www.futurepadelacademy.com\/ca\/#primaryimage\",\"url\":\"https:\/\/www.futurepadelacademy.com\/wp-content\/uploads\/2022\/01\/LOGO_Fons_blanc-e1676472945723.png\",\"contentUrl\":\"https:\/\/www.futurepadelacademy.com\/wp-content\/uploads\/2022\/01\/LOGO_Fons_blanc-e1676472945723.png\",\"width\":4373,\"height\":5189,\"caption\":\"FPA logo\"},{\"@type\":\"WebPage\",\"@id\":\"https:\/\/www.futurepadelacademy.com\/ca\/#webpage\",\"url\":\"https:\/\/www.futurepadelacademy.com\/ca\/\",\"name\":\"Inicio - Future Padel Academy\",\"isPartOf\":{\"@id\":\"https:\/\/www.futurepadelacademy.com\/#website\"},\"primaryImageOfPage\":{\"@id\":\"https:\/\/www.futurepadelacademy.com\/ca\/#primaryimage\"},\"datePublished\":\"2019-11-11T05:50:36+00:00\",\"dateModified\":\"2024-04-11T08:13:32+00:00\",\"description\":\"Acad\u00e8mia de p\u00e0del ubicada a Castelldefels, Barcelona. Ofereix un programa adaptat a cada individu, que maximitza la for\u00e7a dels jugadors.\",\"breadcrumb\":{\"@id\":\"https:\/\/www.futurepadelacademy.com\/ca\/#breadcrumb\"},\"inLanguage\":\"ca\",\"potentialAction\":[{\"@type\":\"ReadAction\",\"target\":[\"https:\/\/www.futurepadelacademy.com\/ca\/\"]}]},{\"@type\":\"BreadcrumbList\",\"@id\":\"https:\/\/www.futurepadelacademy.com\/ca\/#breadcrumb\",\"itemListElement\":[{\"@type\":\"ListItem\",\"position\":1,\"name\":\"Portada\",\"item\":\"https:\/\/www.futurepadelacademy.com\/ca\/\"},{\"@type\":\"ListItem\",\"position\":2,\"name\":\"Inicio\"}]}]}<\/script>\n<!-- \/ Yoast SEO plugin. -->","yoast_head_json":{"title":"Inicio - Future Padel Academy","description":"Acad\u00e8mia de p\u00e0del ubicada a Castelldefels, Barcelona. Ofereix un programa adaptat a cada individu, que maximitza la for\u00e7a dels jugadors.","robots":{"index":"index","follow":"follow","max-snippet":"max-snippet:-1","max-image-preview":"max-image-preview:large","max-video-preview":"max-video-preview:-1"},"canonical":"https:\/\/www.futurepadelacademy.com\/ca\/","og_locale":"ca_ES","og_type":"article","og_title":"Inicio - Future Padel Academy","og_description":"Acad\u00e8mia de p\u00e0del ubicada a Castelldefels, Barcelona. Ofereix un programa adaptat a cada individu, que maximitza la for\u00e7a dels jugadors.","og_url":"https:\/\/www.futurepadelacademy.com\/ca\/","og_site_name":"Future Padel Academy","article_modified_time":"2024-04-11T08:13:32+00:00","og_image":[{"width":4373,"height":5189,"url":"https:\/\/www.futurepadelacademy.com\/wp-content\/uploads\/2022\/01\/LOGO_Fons_blanc-e1676472945723.png","type":"image\/png"}],"twitter_card":"summary_large_image","schema":{"@context":"https:\/\/schema.org","@graph":[{"@type":"WebSite","@id":"https:\/\/www.futurepadelacademy.com\/#website","url":"https:\/\/www.futurepadelacademy.com\/","name":"Future Padel Academy","description":"","potentialAction":[{"@type":"SearchAction","target":{"@type":"EntryPoint","urlTemplate":"https:\/\/www.futurepadelacademy.com\/?s={search_term_string}"},"query-input":"required name=search_term_string"}],"inLanguage":"ca"},{"@type":"ImageObject","inLanguage":"ca","@id":"https:\/\/www.futurepadelacademy.com\/ca\/#primaryimage","url":"https:\/\/www.futurepadelacademy.com\/wp-content\/uploads\/2022\/01\/LOGO_Fons_blanc-e1676472945723.png","contentUrl":"https:\/\/www.futurepadelacademy.com\/wp-content\/uploads\/2022\/01\/LOGO_Fons_blanc-e1676472945723.png","width":4373,"height":5189,"caption":"FPA logo"},{"@type":"WebPage","@id":"https:\/\/www.futurepadelacademy.com\/ca\/#webpage","url":"https:\/\/www.futurepadelacademy.com\/ca\/","name":"Inicio - Future Padel Academy","isPartOf":{"@id":"https:\/\/www.futurepadelacademy.com\/#website"},"primaryImageOfPage":{"@id":"https:\/\/www.futurepadelacademy.com\/ca\/#primaryimage"},"datePublished":"2019-11-11T05:50:36+00:00","dateModified":"2024-04-11T08:13:32+00:00","description":"Acad\u00e8mia de p\u00e0del ubicada a Castelldefels, Barcelona. Ofereix un programa adaptat a cada individu, que maximitza la for\u00e7a dels jugadors.","breadcrumb":{"@id":"https:\/\/www.futurepadelacademy.com\/ca\/#breadcrumb"},"inLanguage":"ca","potentialAction":[{"@type":"ReadAction","target":["https:\/\/www.futurepadelacademy.com\/ca\/"]}]},{"@type":"BreadcrumbList","@id":"https:\/\/www.futurepadelacademy.com\/ca\/#breadcrumb","itemListElement":[{"@type":"ListItem","position":1,"name":"Portada","item":"https:\/\/www.futurepadelacademy.com\/ca\/"},{"@type":"ListItem","position":2,"name":"Inicio"}]}]}},"_links":{"self":[{"href":"https:\/\/www.futurepadelacademy.com\/ca\/wp-json\/wp\/v2\/pages\/7828"}],"collection":[{"href":"https:\/\/www.futurepadelacademy.com\/ca\/wp-json\/wp\/v2\/pages"}],"about":[{"href":"https:\/\/www.futurepadelacademy.com\/ca\/wp-json\/wp\/v2\/types\/page"}],"author":[{"embeddable":true,"href":"https:\/\/www.futurepadelacademy.com\/ca\/wp-json\/wp\/v2\/users\/2"}],"replies":[{"embeddable":true,"href":"https:\/\/www.futurepadelacademy.com\/ca\/wp-json\/wp\/v2\/comments?post=7828"}],"version-history":[{"count":5,"href":"https:\/\/www.futurepadelacademy.com\/ca\/wp-json\/wp\/v2\/pages\/7828\/revisions"}],"predecessor-version":[{"id":9536,"href":"https:\/\/www.futurepadelacademy.com\/ca\/wp-json\/wp\/v2\/pages\/7828\/revisions\/9536"}],"wp:featuredmedia":[{"embeddable":true,"href":"https:\/\/www.futurepadelacademy.com\/ca\/wp-json\/wp\/v2\/media\/8903"}],"wp:attachment":[{"href":"https:\/\/www.futurepadelacademy.com\/ca\/wp-json\/wp\/v2\/media?parent=7828"}],"curies":[{"name":"wp","href":"https:\/\/api.w.org\/{rel}","templated":true}]}}