{"id":8961,"date":"2020-06-03T19:17:48","date_gmt":"2020-06-03T17:17:48","guid":{"rendered":"http:\/\/futurepadelacademy.com\/metodo\/"},"modified":"2024-04-10T11:40:35","modified_gmt":"2024-04-10T09:40:35","slug":"metodo","status":"publish","type":"page","link":"https:\/\/www.futurepadelacademy.com\/ca\/metodo\/","title":{"rendered":"M\u00e8tode"},"content":{"rendered":"","protected":false},"excerpt":{"rendered":"","protected":false},"author":2,"featured_media":8674,"parent":0,"menu_order":0,"comment_status":"closed","ping_status":"closed","template":"","meta":[],"yoast_head":"<!-- This site is optimized with the Yoast SEO plugin v18.9 - https:\/\/yoast.com\/wordpress\/plugins\/seo\/ -->\n<title>M\u00e8tode - Future Padel Academy<\/title>\n<meta name=\"description\" content=\"L&#039;objectiu de l&#039;acad\u00e8mia \u00e9s fer cr\u00e9ixer els jugadors com a esportistes i com a persones a trav\u00e9s del suport mental, f\u00edsic i nutricional.\" \/>\n<meta name=\"robots\" content=\"index, follow, max-snippet:-1, max-image-preview:large, max-video-preview:-1\" \/>\n<link rel=\"canonical\" href=\"https:\/\/www.futurepadelacademy.com\/ca\/metodo\/\" \/>\n<meta property=\"og:locale\" content=\"ca_ES\" \/>\n<meta property=\"og:type\" content=\"article\" \/>\n<meta property=\"og:title\" content=\"M\u00e8tode - Future Padel Academy\" \/>\n<meta property=\"og:description\" content=\"L&#039;objectiu de l&#039;acad\u00e8mia \u00e9s fer cr\u00e9ixer els jugadors com a esportistes i com a persones a trav\u00e9s del suport mental, f\u00edsic i nutricional.\" \/>\n<meta property=\"og:url\" content=\"https:\/\/www.futurepadelacademy.com\/ca\/metodo\/\" \/>\n<meta property=\"og:site_name\" content=\"Future Padel Academy\" \/>\n<meta property=\"article:modified_time\" content=\"2024-04-10T09:40:35+00:00\" \/>\n<meta property=\"og:image\" content=\"https:\/\/www.futurepadelacademy.com\/wp-content\/uploads\/2021\/12\/Captura-de-pantalla-2021-12-03-a-les-10.18.42.png\" \/>\n\t<meta property=\"og:image:width\" content=\"842\" \/>\n\t<meta property=\"og:image:height\" content=\"429\" \/>\n\t<meta property=\"og:image:type\" content=\"image\/png\" \/>\n<meta name=\"twitter:card\" content=\"summary_large_image\" \/>\n<script type=\"application\/ld+json\" class=\"yoast-schema-graph\">{\"@context\":\"https:\/\/schema.org\",\"@graph\":[{\"@type\":\"WebSite\",\"@id\":\"https:\/\/www.futurepadelacademy.com\/#website\",\"url\":\"https:\/\/www.futurepadelacademy.com\/\",\"name\":\"Future Padel Academy\",\"description\":\"\",\"potentialAction\":[{\"@type\":\"SearchAction\",\"target\":{\"@type\":\"EntryPoint\",\"urlTemplate\":\"https:\/\/www.futurepadelacademy.com\/?s={search_term_string}\"},\"query-input\":\"required name=search_term_string\"}],\"inLanguage\":\"ca\"},{\"@type\":\"ImageObject\",\"inLanguage\":\"ca\",\"@id\":\"https:\/\/www.futurepadelacademy.com\/ca\/metodo\/#primaryimage\",\"url\":\"https:\/\/www.futurepadelacademy.com\/wp-content\/uploads\/2021\/12\/Captura-de-pantalla-2021-12-03-a-les-10.18.42.png\",\"contentUrl\":\"https:\/\/www.futurepadelacademy.com\/wp-content\/uploads\/2021\/12\/Captura-de-pantalla-2021-12-03-a-les-10.18.42.png\",\"width\":842,\"height\":429,\"caption\":\"Equipo de la FPA - jugadores y entrenadores\"},{\"@type\":\"WebPage\",\"@id\":\"https:\/\/www.futurepadelacademy.com\/ca\/metodo\/#webpage\",\"url\":\"https:\/\/www.futurepadelacademy.com\/ca\/metodo\/\",\"name\":\"M\u00e8tode - Future Padel Academy\",\"isPartOf\":{\"@id\":\"https:\/\/www.futurepadelacademy.com\/#website\"},\"primaryImageOfPage\":{\"@id\":\"https:\/\/www.futurepadelacademy.com\/ca\/metodo\/#primaryimage\"},\"datePublished\":\"2020-06-03T17:17:48+00:00\",\"dateModified\":\"2024-04-10T09:40:35+00:00\",\"description\":\"L'objectiu de l'acad\u00e8mia \u00e9s fer cr\u00e9ixer els jugadors com a esportistes i com a persones a trav\u00e9s del suport mental, f\u00edsic i nutricional.\",\"breadcrumb\":{\"@id\":\"https:\/\/www.futurepadelacademy.com\/ca\/metodo\/#breadcrumb\"},\"inLanguage\":\"ca\",\"potentialAction\":[{\"@type\":\"ReadAction\",\"target\":[\"https:\/\/www.futurepadelacademy.com\/ca\/metodo\/\"]}]},{\"@type\":\"BreadcrumbList\",\"@id\":\"https:\/\/www.futurepadelacademy.com\/ca\/metodo\/#breadcrumb\",\"itemListElement\":[{\"@type\":\"ListItem\",\"position\":1,\"name\":\"Portada\",\"item\":\"https:\/\/www.futurepadelacademy.com\/ca\/\"},{\"@type\":\"ListItem\",\"position\":2,\"name\":\"M\u00e8tode\"}]}]}<\/script>\n<!-- \/ Yoast SEO plugin. -->","yoast_head_json":{"title":"M\u00e8tode - Future Padel Academy","description":"L'objectiu de l'acad\u00e8mia \u00e9s fer cr\u00e9ixer els jugadors com a esportistes i com a persones a trav\u00e9s del suport mental, f\u00edsic i nutricional.","robots":{"index":"index","follow":"follow","max-snippet":"max-snippet:-1","max-image-preview":"max-image-preview:large","max-video-preview":"max-video-preview:-1"},"canonical":"https:\/\/www.futurepadelacademy.com\/ca\/metodo\/","og_locale":"ca_ES","og_type":"article","og_title":"M\u00e8tode - Future Padel Academy","og_description":"L'objectiu de l'acad\u00e8mia \u00e9s fer cr\u00e9ixer els jugadors com a esportistes i com a persones a trav\u00e9s del suport mental, f\u00edsic i nutricional.","og_url":"https:\/\/www.futurepadelacademy.com\/ca\/metodo\/","og_site_name":"Future Padel Academy","article_modified_time":"2024-04-10T09:40:35+00:00","og_image":[{"width":842,"height":429,"url":"https:\/\/www.futurepadelacademy.com\/wp-content\/uploads\/2021\/12\/Captura-de-pantalla-2021-12-03-a-les-10.18.42.png","type":"image\/png"}],"twitter_card":"summary_large_image","schema":{"@context":"https:\/\/schema.org","@graph":[{"@type":"WebSite","@id":"https:\/\/www.futurepadelacademy.com\/#website","url":"https:\/\/www.futurepadelacademy.com\/","name":"Future Padel Academy","description":"","potentialAction":[{"@type":"SearchAction","target":{"@type":"EntryPoint","urlTemplate":"https:\/\/www.futurepadelacademy.com\/?s={search_term_string}"},"query-input":"required name=search_term_string"}],"inLanguage":"ca"},{"@type":"ImageObject","inLanguage":"ca","@id":"https:\/\/www.futurepadelacademy.com\/ca\/metodo\/#primaryimage","url":"https:\/\/www.futurepadelacademy.com\/wp-content\/uploads\/2021\/12\/Captura-de-pantalla-2021-12-03-a-les-10.18.42.png","contentUrl":"https:\/\/www.futurepadelacademy.com\/wp-content\/uploads\/2021\/12\/Captura-de-pantalla-2021-12-03-a-les-10.18.42.png","width":842,"height":429,"caption":"Equipo de la FPA - jugadores y entrenadores"},{"@type":"WebPage","@id":"https:\/\/www.futurepadelacademy.com\/ca\/metodo\/#webpage","url":"https:\/\/www.futurepadelacademy.com\/ca\/metodo\/","name":"M\u00e8tode - Future Padel Academy","isPartOf":{"@id":"https:\/\/www.futurepadelacademy.com\/#website"},"primaryImageOfPage":{"@id":"https:\/\/www.futurepadelacademy.com\/ca\/metodo\/#primaryimage"},"datePublished":"2020-06-03T17:17:48+00:00","dateModified":"2024-04-10T09:40:35+00:00","description":"L'objectiu de l'acad\u00e8mia \u00e9s fer cr\u00e9ixer els jugadors com a esportistes i com a persones a trav\u00e9s del suport mental, f\u00edsic i nutricional.","breadcrumb":{"@id":"https:\/\/www.futurepadelacademy.com\/ca\/metodo\/#breadcrumb"},"inLanguage":"ca","potentialAction":[{"@type":"ReadAction","target":["https:\/\/www.futurepadelacademy.com\/ca\/metodo\/"]}]},{"@type":"BreadcrumbList","@id":"https:\/\/www.futurepadelacademy.com\/ca\/metodo\/#breadcrumb","itemListElement":[{"@type":"ListItem","position":1,"name":"Portada","item":"https:\/\/www.futurepadelacademy.com\/ca\/"},{"@type":"ListItem","position":2,"name":"M\u00e8tode"}]}]}},"_links":{"self":[{"href":"https:\/\/www.futurepadelacademy.com\/ca\/wp-json\/wp\/v2\/pages\/8961"}],"collection":[{"href":"https:\/\/www.futurepadelacademy.com\/ca\/wp-json\/wp\/v2\/pages"}],"about":[{"href":"https:\/\/www.futurepadelacademy.com\/ca\/wp-json\/wp\/v2\/types\/page"}],"author":[{"embeddable":true,"href":"https:\/\/www.futurepadelacademy.com\/ca\/wp-json\/wp\/v2\/users\/2"}],"replies":[{"embeddable":true,"href":"https:\/\/www.futurepadelacademy.com\/ca\/wp-json\/wp\/v2\/comments?post=8961"}],"version-history":[{"count":5,"href":"https:\/\/www.futurepadelacademy.com\/ca\/wp-json\/wp\/v2\/pages\/8961\/revisions"}],"predecessor-version":[{"id":9508,"href":"https:\/\/www.futurepadelacademy.com\/ca\/wp-json\/wp\/v2\/pages\/8961\/revisions\/9508"}],"wp:featuredmedia":[{"embeddable":true,"href":"https:\/\/www.futurepadelacademy.com\/ca\/wp-json\/wp\/v2\/media\/8674"}],"wp:attachment":[{"href":"https:\/\/www.futurepadelacademy.com\/ca\/wp-json\/wp\/v2\/media?parent=8961"}],"curies":[{"name":"wp","href":"https:\/\/api.w.org\/{rel}","templated":true}]}}