{"id":8967,"date":"2021-12-13T12:10:22","date_gmt":"2021-12-13T10:10:22","guid":{"rendered":"http:\/\/futurepadelacademy.com\/jugadores\/"},"modified":"2024-04-10T11:40:27","modified_gmt":"2024-04-10T09:40:27","slug":"jugadores","status":"publish","type":"page","link":"https:\/\/www.futurepadelacademy.com\/ca\/jugadores\/","title":{"rendered":"Jugadors"},"content":{"rendered":"","protected":false},"excerpt":{"rendered":"","protected":false},"author":2,"featured_media":9190,"parent":0,"menu_order":0,"comment_status":"closed","ping_status":"closed","template":"","meta":[],"yoast_head":"<!-- This site is optimized with the Yoast SEO plugin v18.9 - https:\/\/yoast.com\/wordpress\/plugins\/seo\/ -->\n<title>Jugadors - Future Padel Academy<\/title>\n<meta name=\"description\" content=\"En aquesta p\u00e0gina, pots trobar fotos dels nostres talentosos jugadors, amb una forta motivaci\u00f3 per millorar cont\u00ednuament al p\u00e0del.\" \/>\n<meta name=\"robots\" content=\"index, follow, max-snippet:-1, max-image-preview:large, max-video-preview:-1\" \/>\n<link rel=\"canonical\" href=\"https:\/\/www.futurepadelacademy.com\/ca\/jugadores\/\" \/>\n<meta property=\"og:locale\" content=\"ca_ES\" \/>\n<meta property=\"og:type\" content=\"article\" \/>\n<meta property=\"og:title\" content=\"Jugadors - Future Padel Academy\" \/>\n<meta property=\"og:description\" content=\"En aquesta p\u00e0gina, pots trobar fotos dels nostres talentosos jugadors, amb una forta motivaci\u00f3 per millorar cont\u00ednuament al p\u00e0del.\" \/>\n<meta property=\"og:url\" content=\"https:\/\/www.futurepadelacademy.com\/ca\/jugadores\/\" \/>\n<meta property=\"og:site_name\" content=\"Future Padel Academy\" \/>\n<meta property=\"article:modified_time\" content=\"2024-04-10T09:40:27+00:00\" \/>\n<meta property=\"og:image\" content=\"https:\/\/www.futurepadelacademy.com\/wp-content\/uploads\/2022\/11\/WhatsApp-Image-2022-10-09-at-9.02.28-PM_11zon.jpg\" \/>\n\t<meta property=\"og:image:width\" content=\"1097\" \/>\n\t<meta property=\"og:image:height\" content=\"819\" \/>\n\t<meta property=\"og:image:type\" content=\"image\/jpeg\" \/>\n<meta name=\"twitter:card\" content=\"summary_large_image\" \/>\n<script type=\"application\/ld+json\" class=\"yoast-schema-graph\">{\"@context\":\"https:\/\/schema.org\",\"@graph\":[{\"@type\":\"WebSite\",\"@id\":\"https:\/\/www.futurepadelacademy.com\/#website\",\"url\":\"https:\/\/www.futurepadelacademy.com\/\",\"name\":\"Future Padel Academy\",\"description\":\"\",\"potentialAction\":[{\"@type\":\"SearchAction\",\"target\":{\"@type\":\"EntryPoint\",\"urlTemplate\":\"https:\/\/www.futurepadelacademy.com\/?s={search_term_string}\"},\"query-input\":\"required name=search_term_string\"}],\"inLanguage\":\"ca\"},{\"@type\":\"ImageObject\",\"inLanguage\":\"ca\",\"@id\":\"https:\/\/www.futurepadelacademy.com\/ca\/jugadores\/#primaryimage\",\"url\":\"https:\/\/www.futurepadelacademy.com\/wp-content\/uploads\/2022\/11\/WhatsApp-Image-2022-10-09-at-9.02.28-PM_11zon.jpg\",\"contentUrl\":\"https:\/\/www.futurepadelacademy.com\/wp-content\/uploads\/2022\/11\/WhatsApp-Image-2022-10-09-at-9.02.28-PM_11zon.jpg\",\"width\":1097,\"height\":819,\"caption\":\"Jugadors FPA guanyant t\u00edtols\"},{\"@type\":\"WebPage\",\"@id\":\"https:\/\/www.futurepadelacademy.com\/ca\/jugadores\/#webpage\",\"url\":\"https:\/\/www.futurepadelacademy.com\/ca\/jugadores\/\",\"name\":\"Jugadors - Future Padel Academy\",\"isPartOf\":{\"@id\":\"https:\/\/www.futurepadelacademy.com\/#website\"},\"primaryImageOfPage\":{\"@id\":\"https:\/\/www.futurepadelacademy.com\/ca\/jugadores\/#primaryimage\"},\"datePublished\":\"2021-12-13T10:10:22+00:00\",\"dateModified\":\"2024-04-10T09:40:27+00:00\",\"description\":\"En aquesta p\u00e0gina, pots trobar fotos dels nostres talentosos jugadors, amb una forta motivaci\u00f3 per millorar cont\u00ednuament al p\u00e0del.\",\"breadcrumb\":{\"@id\":\"https:\/\/www.futurepadelacademy.com\/ca\/jugadores\/#breadcrumb\"},\"inLanguage\":\"ca\",\"potentialAction\":[{\"@type\":\"ReadAction\",\"target\":[\"https:\/\/www.futurepadelacademy.com\/ca\/jugadores\/\"]}]},{\"@type\":\"BreadcrumbList\",\"@id\":\"https:\/\/www.futurepadelacademy.com\/ca\/jugadores\/#breadcrumb\",\"itemListElement\":[{\"@type\":\"ListItem\",\"position\":1,\"name\":\"Portada\",\"item\":\"https:\/\/www.futurepadelacademy.com\/ca\/\"},{\"@type\":\"ListItem\",\"position\":2,\"name\":\"Jugadors\"}]}]}<\/script>\n<!-- \/ Yoast SEO plugin. -->","yoast_head_json":{"title":"Jugadors - Future Padel Academy","description":"En aquesta p\u00e0gina, pots trobar fotos dels nostres talentosos jugadors, amb una forta motivaci\u00f3 per millorar cont\u00ednuament al p\u00e0del.","robots":{"index":"index","follow":"follow","max-snippet":"max-snippet:-1","max-image-preview":"max-image-preview:large","max-video-preview":"max-video-preview:-1"},"canonical":"https:\/\/www.futurepadelacademy.com\/ca\/jugadores\/","og_locale":"ca_ES","og_type":"article","og_title":"Jugadors - Future Padel Academy","og_description":"En aquesta p\u00e0gina, pots trobar fotos dels nostres talentosos jugadors, amb una forta motivaci\u00f3 per millorar cont\u00ednuament al p\u00e0del.","og_url":"https:\/\/www.futurepadelacademy.com\/ca\/jugadores\/","og_site_name":"Future Padel Academy","article_modified_time":"2024-04-10T09:40:27+00:00","og_image":[{"width":1097,"height":819,"url":"https:\/\/www.futurepadelacademy.com\/wp-content\/uploads\/2022\/11\/WhatsApp-Image-2022-10-09-at-9.02.28-PM_11zon.jpg","type":"image\/jpeg"}],"twitter_card":"summary_large_image","schema":{"@context":"https:\/\/schema.org","@graph":[{"@type":"WebSite","@id":"https:\/\/www.futurepadelacademy.com\/#website","url":"https:\/\/www.futurepadelacademy.com\/","name":"Future Padel Academy","description":"","potentialAction":[{"@type":"SearchAction","target":{"@type":"EntryPoint","urlTemplate":"https:\/\/www.futurepadelacademy.com\/?s={search_term_string}"},"query-input":"required name=search_term_string"}],"inLanguage":"ca"},{"@type":"ImageObject","inLanguage":"ca","@id":"https:\/\/www.futurepadelacademy.com\/ca\/jugadores\/#primaryimage","url":"https:\/\/www.futurepadelacademy.com\/wp-content\/uploads\/2022\/11\/WhatsApp-Image-2022-10-09-at-9.02.28-PM_11zon.jpg","contentUrl":"https:\/\/www.futurepadelacademy.com\/wp-content\/uploads\/2022\/11\/WhatsApp-Image-2022-10-09-at-9.02.28-PM_11zon.jpg","width":1097,"height":819,"caption":"Jugadors FPA guanyant t\u00edtols"},{"@type":"WebPage","@id":"https:\/\/www.futurepadelacademy.com\/ca\/jugadores\/#webpage","url":"https:\/\/www.futurepadelacademy.com\/ca\/jugadores\/","name":"Jugadors - Future Padel Academy","isPartOf":{"@id":"https:\/\/www.futurepadelacademy.com\/#website"},"primaryImageOfPage":{"@id":"https:\/\/www.futurepadelacademy.com\/ca\/jugadores\/#primaryimage"},"datePublished":"2021-12-13T10:10:22+00:00","dateModified":"2024-04-10T09:40:27+00:00","description":"En aquesta p\u00e0gina, pots trobar fotos dels nostres talentosos jugadors, amb una forta motivaci\u00f3 per millorar cont\u00ednuament al p\u00e0del.","breadcrumb":{"@id":"https:\/\/www.futurepadelacademy.com\/ca\/jugadores\/#breadcrumb"},"inLanguage":"ca","potentialAction":[{"@type":"ReadAction","target":["https:\/\/www.futurepadelacademy.com\/ca\/jugadores\/"]}]},{"@type":"BreadcrumbList","@id":"https:\/\/www.futurepadelacademy.com\/ca\/jugadores\/#breadcrumb","itemListElement":[{"@type":"ListItem","position":1,"name":"Portada","item":"https:\/\/www.futurepadelacademy.com\/ca\/"},{"@type":"ListItem","position":2,"name":"Jugadors"}]}]}},"_links":{"self":[{"href":"https:\/\/www.futurepadelacademy.com\/ca\/wp-json\/wp\/v2\/pages\/8967"}],"collection":[{"href":"https:\/\/www.futurepadelacademy.com\/ca\/wp-json\/wp\/v2\/pages"}],"about":[{"href":"https:\/\/www.futurepadelacademy.com\/ca\/wp-json\/wp\/v2\/types\/page"}],"author":[{"embeddable":true,"href":"https:\/\/www.futurepadelacademy.com\/ca\/wp-json\/wp\/v2\/users\/2"}],"replies":[{"embeddable":true,"href":"https:\/\/www.futurepadelacademy.com\/ca\/wp-json\/wp\/v2\/comments?post=8967"}],"version-history":[{"count":5,"href":"https:\/\/www.futurepadelacademy.com\/ca\/wp-json\/wp\/v2\/pages\/8967\/revisions"}],"predecessor-version":[{"id":9507,"href":"https:\/\/www.futurepadelacademy.com\/ca\/wp-json\/wp\/v2\/pages\/8967\/revisions\/9507"}],"wp:featuredmedia":[{"embeddable":true,"href":"https:\/\/www.futurepadelacademy.com\/ca\/wp-json\/wp\/v2\/media\/9190"}],"wp:attachment":[{"href":"https:\/\/www.futurepadelacademy.com\/ca\/wp-json\/wp\/v2\/media?parent=8967"}],"curies":[{"name":"wp","href":"https:\/\/api.w.org\/{rel}","templated":true}]}}