{"id":8971,"date":"2022-01-04T09:49:45","date_gmt":"2022-01-04T07:49:45","guid":{"rendered":"http:\/\/futurepadelacademy.com\/programas\/"},"modified":"2024-04-10T13:03:27","modified_gmt":"2024-04-10T11:03:27","slug":"programes","status":"publish","type":"page","link":"https:\/\/www.futurepadelacademy.com\/ca\/programes\/","title":{"rendered":"Programes"},"content":{"rendered":"","protected":false},"excerpt":{"rendered":"","protected":false},"author":2,"featured_media":8858,"parent":0,"menu_order":0,"comment_status":"closed","ping_status":"closed","template":"","meta":[],"yoast_head":"<!-- This site is optimized with the Yoast SEO plugin v18.9 - https:\/\/yoast.com\/wordpress\/plugins\/seo\/ -->\n<title>Programa - Future Padel Academy<\/title>\n<meta name=\"description\" content=\"Si voleu obtenir m\u00e9s informaci\u00f3 sobre un programa que oferim, aquesta p\u00e0gina presenta tots els detalls sobre tots els programes.\" \/>\n<meta name=\"robots\" content=\"index, follow, max-snippet:-1, max-image-preview:large, max-video-preview:-1\" \/>\n<link rel=\"canonical\" href=\"https:\/\/www.futurepadelacademy.com\/ca\/programes\/\" \/>\n<meta property=\"og:locale\" content=\"ca_ES\" \/>\n<meta property=\"og:type\" content=\"article\" \/>\n<meta property=\"og:title\" content=\"Programa - Future Padel Academy\" \/>\n<meta property=\"og:description\" content=\"Si voleu obtenir m\u00e9s informaci\u00f3 sobre un programa que oferim, aquesta p\u00e0gina presenta tots els detalls sobre tots els programes.\" \/>\n<meta property=\"og:url\" content=\"https:\/\/www.futurepadelacademy.com\/ca\/programes\/\" \/>\n<meta property=\"og:site_name\" content=\"Future Padel Academy\" \/>\n<meta property=\"article:modified_time\" content=\"2024-04-10T11:03:27+00:00\" \/>\n<meta property=\"og:image\" content=\"https:\/\/www.futurepadelacademy.com\/wp-content\/uploads\/2021\/12\/WhatsApp-Image-2021-12-16-at-16.24.03.jpeg\" \/>\n\t<meta property=\"og:image:width\" content=\"1440\" \/>\n\t<meta property=\"og:image:height\" content=\"1795\" \/>\n\t<meta property=\"og:image:type\" content=\"image\/jpeg\" \/>\n<meta name=\"twitter:card\" content=\"summary_large_image\" \/>\n<script type=\"application\/ld+json\" class=\"yoast-schema-graph\">{\"@context\":\"https:\/\/schema.org\",\"@graph\":[{\"@type\":\"WebSite\",\"@id\":\"https:\/\/www.futurepadelacademy.com\/#website\",\"url\":\"https:\/\/www.futurepadelacademy.com\/\",\"name\":\"Future Padel Academy\",\"description\":\"\",\"potentialAction\":[{\"@type\":\"SearchAction\",\"target\":{\"@type\":\"EntryPoint\",\"urlTemplate\":\"https:\/\/www.futurepadelacademy.com\/?s={search_term_string}\"},\"query-input\":\"required name=search_term_string\"}],\"inLanguage\":\"ca\"},{\"@type\":\"ImageObject\",\"inLanguage\":\"ca\",\"@id\":\"https:\/\/www.futurepadelacademy.com\/ca\/programes\/#primaryimage\",\"url\":\"https:\/\/www.futurepadelacademy.com\/wp-content\/uploads\/2021\/12\/WhatsApp-Image-2021-12-16-at-16.24.03.jpeg\",\"contentUrl\":\"https:\/\/www.futurepadelacademy.com\/wp-content\/uploads\/2021\/12\/WhatsApp-Image-2021-12-16-at-16.24.03.jpeg\",\"width\":1440,\"height\":1795,\"caption\":\"Preparaci\u00f3 f\u00edsica amb entrenador\"},{\"@type\":\"WebPage\",\"@id\":\"https:\/\/www.futurepadelacademy.com\/ca\/programes\/#webpage\",\"url\":\"https:\/\/www.futurepadelacademy.com\/ca\/programes\/\",\"name\":\"Programa - Future Padel Academy\",\"isPartOf\":{\"@id\":\"https:\/\/www.futurepadelacademy.com\/#website\"},\"primaryImageOfPage\":{\"@id\":\"https:\/\/www.futurepadelacademy.com\/ca\/programes\/#primaryimage\"},\"datePublished\":\"2022-01-04T07:49:45+00:00\",\"dateModified\":\"2024-04-10T11:03:27+00:00\",\"description\":\"Si voleu obtenir m\u00e9s informaci\u00f3 sobre un programa que oferim, aquesta p\u00e0gina presenta tots els detalls sobre tots els programes.\",\"breadcrumb\":{\"@id\":\"https:\/\/www.futurepadelacademy.com\/ca\/programes\/#breadcrumb\"},\"inLanguage\":\"ca\",\"potentialAction\":[{\"@type\":\"ReadAction\",\"target\":[\"https:\/\/www.futurepadelacademy.com\/ca\/programes\/\"]}]},{\"@type\":\"BreadcrumbList\",\"@id\":\"https:\/\/www.futurepadelacademy.com\/ca\/programes\/#breadcrumb\",\"itemListElement\":[{\"@type\":\"ListItem\",\"position\":1,\"name\":\"Portada\",\"item\":\"https:\/\/www.futurepadelacademy.com\/ca\/\"},{\"@type\":\"ListItem\",\"position\":2,\"name\":\"Programes\"}]}]}<\/script>\n<!-- \/ Yoast SEO plugin. -->","yoast_head_json":{"title":"Programa - Future Padel Academy","description":"Si voleu obtenir m\u00e9s informaci\u00f3 sobre un programa que oferim, aquesta p\u00e0gina presenta tots els detalls sobre tots els programes.","robots":{"index":"index","follow":"follow","max-snippet":"max-snippet:-1","max-image-preview":"max-image-preview:large","max-video-preview":"max-video-preview:-1"},"canonical":"https:\/\/www.futurepadelacademy.com\/ca\/programes\/","og_locale":"ca_ES","og_type":"article","og_title":"Programa - Future Padel Academy","og_description":"Si voleu obtenir m\u00e9s informaci\u00f3 sobre un programa que oferim, aquesta p\u00e0gina presenta tots els detalls sobre tots els programes.","og_url":"https:\/\/www.futurepadelacademy.com\/ca\/programes\/","og_site_name":"Future Padel Academy","article_modified_time":"2024-04-10T11:03:27+00:00","og_image":[{"width":1440,"height":1795,"url":"https:\/\/www.futurepadelacademy.com\/wp-content\/uploads\/2021\/12\/WhatsApp-Image-2021-12-16-at-16.24.03.jpeg","type":"image\/jpeg"}],"twitter_card":"summary_large_image","schema":{"@context":"https:\/\/schema.org","@graph":[{"@type":"WebSite","@id":"https:\/\/www.futurepadelacademy.com\/#website","url":"https:\/\/www.futurepadelacademy.com\/","name":"Future Padel Academy","description":"","potentialAction":[{"@type":"SearchAction","target":{"@type":"EntryPoint","urlTemplate":"https:\/\/www.futurepadelacademy.com\/?s={search_term_string}"},"query-input":"required name=search_term_string"}],"inLanguage":"ca"},{"@type":"ImageObject","inLanguage":"ca","@id":"https:\/\/www.futurepadelacademy.com\/ca\/programes\/#primaryimage","url":"https:\/\/www.futurepadelacademy.com\/wp-content\/uploads\/2021\/12\/WhatsApp-Image-2021-12-16-at-16.24.03.jpeg","contentUrl":"https:\/\/www.futurepadelacademy.com\/wp-content\/uploads\/2021\/12\/WhatsApp-Image-2021-12-16-at-16.24.03.jpeg","width":1440,"height":1795,"caption":"Preparaci\u00f3 f\u00edsica amb entrenador"},{"@type":"WebPage","@id":"https:\/\/www.futurepadelacademy.com\/ca\/programes\/#webpage","url":"https:\/\/www.futurepadelacademy.com\/ca\/programes\/","name":"Programa - Future Padel Academy","isPartOf":{"@id":"https:\/\/www.futurepadelacademy.com\/#website"},"primaryImageOfPage":{"@id":"https:\/\/www.futurepadelacademy.com\/ca\/programes\/#primaryimage"},"datePublished":"2022-01-04T07:49:45+00:00","dateModified":"2024-04-10T11:03:27+00:00","description":"Si voleu obtenir m\u00e9s informaci\u00f3 sobre un programa que oferim, aquesta p\u00e0gina presenta tots els detalls sobre tots els programes.","breadcrumb":{"@id":"https:\/\/www.futurepadelacademy.com\/ca\/programes\/#breadcrumb"},"inLanguage":"ca","potentialAction":[{"@type":"ReadAction","target":["https:\/\/www.futurepadelacademy.com\/ca\/programes\/"]}]},{"@type":"BreadcrumbList","@id":"https:\/\/www.futurepadelacademy.com\/ca\/programes\/#breadcrumb","itemListElement":[{"@type":"ListItem","position":1,"name":"Portada","item":"https:\/\/www.futurepadelacademy.com\/ca\/"},{"@type":"ListItem","position":2,"name":"Programes"}]}]}},"_links":{"self":[{"href":"https:\/\/www.futurepadelacademy.com\/ca\/wp-json\/wp\/v2\/pages\/8971"}],"collection":[{"href":"https:\/\/www.futurepadelacademy.com\/ca\/wp-json\/wp\/v2\/pages"}],"about":[{"href":"https:\/\/www.futurepadelacademy.com\/ca\/wp-json\/wp\/v2\/types\/page"}],"author":[{"embeddable":true,"href":"https:\/\/www.futurepadelacademy.com\/ca\/wp-json\/wp\/v2\/users\/2"}],"replies":[{"embeddable":true,"href":"https:\/\/www.futurepadelacademy.com\/ca\/wp-json\/wp\/v2\/comments?post=8971"}],"version-history":[{"count":5,"href":"https:\/\/www.futurepadelacademy.com\/ca\/wp-json\/wp\/v2\/pages\/8971\/revisions"}],"predecessor-version":[{"id":9514,"href":"https:\/\/www.futurepadelacademy.com\/ca\/wp-json\/wp\/v2\/pages\/8971\/revisions\/9514"}],"wp:featuredmedia":[{"embeddable":true,"href":"https:\/\/www.futurepadelacademy.com\/ca\/wp-json\/wp\/v2\/media\/8858"}],"wp:attachment":[{"href":"https:\/\/www.futurepadelacademy.com\/ca\/wp-json\/wp\/v2\/media?parent=8971"}],"curies":[{"name":"wp","href":"https:\/\/api.w.org\/{rel}","templated":true}]}}