{"id":8979,"date":"2016-05-19T12:24:04","date_gmt":"2016-05-19T10:24:04","guid":{"rendered":"http:\/\/futurepadelacademy.com\/contacto\/"},"modified":"2024-04-10T11:57:13","modified_gmt":"2024-04-10T09:57:13","slug":"contacto","status":"publish","type":"page","link":"https:\/\/www.futurepadelacademy.com\/ca\/contacto\/","title":{"rendered":"Contacte"},"content":{"rendered":"","protected":false},"excerpt":{"rendered":"","protected":false},"author":2,"featured_media":0,"parent":0,"menu_order":0,"comment_status":"closed","ping_status":"closed","template":"","meta":[],"yoast_head":"<!-- This site is optimized with the Yoast SEO plugin v18.9 - https:\/\/yoast.com\/wordpress\/plugins\/seo\/ -->\n<title>Contacte - Future Padel Academy<\/title>\n<meta name=\"description\" content=\"Aqu\u00ed podeu trobar la nostra informaci\u00f3 de contacte. Si voleu contactar amb nosaltres, podeu contactar amb nosaltres per tel\u00e8fon o correu electr\u00f2nic.\" \/>\n<meta name=\"robots\" content=\"index, follow, max-snippet:-1, max-image-preview:large, max-video-preview:-1\" \/>\n<link rel=\"canonical\" href=\"https:\/\/www.futurepadelacademy.com\/ca\/contacto\/\" \/>\n<meta property=\"og:locale\" content=\"ca_ES\" \/>\n<meta property=\"og:type\" content=\"article\" \/>\n<meta property=\"og:title\" content=\"Contacte - Future Padel Academy\" \/>\n<meta property=\"og:description\" content=\"Aqu\u00ed podeu trobar la nostra informaci\u00f3 de contacte. Si voleu contactar amb nosaltres, podeu contactar amb nosaltres per tel\u00e8fon o correu electr\u00f2nic.\" \/>\n<meta property=\"og:url\" content=\"https:\/\/www.futurepadelacademy.com\/ca\/contacto\/\" \/>\n<meta property=\"og:site_name\" content=\"Future Padel Academy\" \/>\n<meta property=\"article:modified_time\" content=\"2024-04-10T09:57:13+00:00\" \/>\n<meta name=\"twitter:card\" content=\"summary_large_image\" \/>\n<script type=\"application\/ld+json\" class=\"yoast-schema-graph\">{\"@context\":\"https:\/\/schema.org\",\"@graph\":[{\"@type\":\"WebSite\",\"@id\":\"https:\/\/www.futurepadelacademy.com\/#website\",\"url\":\"https:\/\/www.futurepadelacademy.com\/\",\"name\":\"Future Padel Academy\",\"description\":\"\",\"potentialAction\":[{\"@type\":\"SearchAction\",\"target\":{\"@type\":\"EntryPoint\",\"urlTemplate\":\"https:\/\/www.futurepadelacademy.com\/?s={search_term_string}\"},\"query-input\":\"required name=search_term_string\"}],\"inLanguage\":\"ca\"},{\"@type\":\"WebPage\",\"@id\":\"https:\/\/www.futurepadelacademy.com\/ca\/contacto\/#webpage\",\"url\":\"https:\/\/www.futurepadelacademy.com\/ca\/contacto\/\",\"name\":\"Contacte - Future Padel Academy\",\"isPartOf\":{\"@id\":\"https:\/\/www.futurepadelacademy.com\/#website\"},\"datePublished\":\"2016-05-19T10:24:04+00:00\",\"dateModified\":\"2024-04-10T09:57:13+00:00\",\"description\":\"Aqu\u00ed podeu trobar la nostra informaci\u00f3 de contacte. Si voleu contactar amb nosaltres, podeu contactar amb nosaltres per tel\u00e8fon o correu electr\u00f2nic.\",\"breadcrumb\":{\"@id\":\"https:\/\/www.futurepadelacademy.com\/ca\/contacto\/#breadcrumb\"},\"inLanguage\":\"ca\",\"potentialAction\":[{\"@type\":\"ReadAction\",\"target\":[\"https:\/\/www.futurepadelacademy.com\/ca\/contacto\/\"]}]},{\"@type\":\"BreadcrumbList\",\"@id\":\"https:\/\/www.futurepadelacademy.com\/ca\/contacto\/#breadcrumb\",\"itemListElement\":[{\"@type\":\"ListItem\",\"position\":1,\"name\":\"Portada\",\"item\":\"https:\/\/www.futurepadelacademy.com\/ca\/\"},{\"@type\":\"ListItem\",\"position\":2,\"name\":\"Contacte\"}]}]}<\/script>\n<!-- \/ Yoast SEO plugin. -->","yoast_head_json":{"title":"Contacte - Future Padel Academy","description":"Aqu\u00ed podeu trobar la nostra informaci\u00f3 de contacte. Si voleu contactar amb nosaltres, podeu contactar amb nosaltres per tel\u00e8fon o correu electr\u00f2nic.","robots":{"index":"index","follow":"follow","max-snippet":"max-snippet:-1","max-image-preview":"max-image-preview:large","max-video-preview":"max-video-preview:-1"},"canonical":"https:\/\/www.futurepadelacademy.com\/ca\/contacto\/","og_locale":"ca_ES","og_type":"article","og_title":"Contacte - Future Padel Academy","og_description":"Aqu\u00ed podeu trobar la nostra informaci\u00f3 de contacte. Si voleu contactar amb nosaltres, podeu contactar amb nosaltres per tel\u00e8fon o correu electr\u00f2nic.","og_url":"https:\/\/www.futurepadelacademy.com\/ca\/contacto\/","og_site_name":"Future Padel Academy","article_modified_time":"2024-04-10T09:57:13+00:00","twitter_card":"summary_large_image","schema":{"@context":"https:\/\/schema.org","@graph":[{"@type":"WebSite","@id":"https:\/\/www.futurepadelacademy.com\/#website","url":"https:\/\/www.futurepadelacademy.com\/","name":"Future Padel Academy","description":"","potentialAction":[{"@type":"SearchAction","target":{"@type":"EntryPoint","urlTemplate":"https:\/\/www.futurepadelacademy.com\/?s={search_term_string}"},"query-input":"required name=search_term_string"}],"inLanguage":"ca"},{"@type":"WebPage","@id":"https:\/\/www.futurepadelacademy.com\/ca\/contacto\/#webpage","url":"https:\/\/www.futurepadelacademy.com\/ca\/contacto\/","name":"Contacte - Future Padel Academy","isPartOf":{"@id":"https:\/\/www.futurepadelacademy.com\/#website"},"datePublished":"2016-05-19T10:24:04+00:00","dateModified":"2024-04-10T09:57:13+00:00","description":"Aqu\u00ed podeu trobar la nostra informaci\u00f3 de contacte. Si voleu contactar amb nosaltres, podeu contactar amb nosaltres per tel\u00e8fon o correu electr\u00f2nic.","breadcrumb":{"@id":"https:\/\/www.futurepadelacademy.com\/ca\/contacto\/#breadcrumb"},"inLanguage":"ca","potentialAction":[{"@type":"ReadAction","target":["https:\/\/www.futurepadelacademy.com\/ca\/contacto\/"]}]},{"@type":"BreadcrumbList","@id":"https:\/\/www.futurepadelacademy.com\/ca\/contacto\/#breadcrumb","itemListElement":[{"@type":"ListItem","position":1,"name":"Portada","item":"https:\/\/www.futurepadelacademy.com\/ca\/"},{"@type":"ListItem","position":2,"name":"Contacte"}]}]}},"_links":{"self":[{"href":"https:\/\/www.futurepadelacademy.com\/ca\/wp-json\/wp\/v2\/pages\/8979"}],"collection":[{"href":"https:\/\/www.futurepadelacademy.com\/ca\/wp-json\/wp\/v2\/pages"}],"about":[{"href":"https:\/\/www.futurepadelacademy.com\/ca\/wp-json\/wp\/v2\/types\/page"}],"author":[{"embeddable":true,"href":"https:\/\/www.futurepadelacademy.com\/ca\/wp-json\/wp\/v2\/users\/2"}],"replies":[{"embeddable":true,"href":"https:\/\/www.futurepadelacademy.com\/ca\/wp-json\/wp\/v2\/comments?post=8979"}],"version-history":[{"count":5,"href":"https:\/\/www.futurepadelacademy.com\/ca\/wp-json\/wp\/v2\/pages\/8979\/revisions"}],"predecessor-version":[{"id":9520,"href":"https:\/\/www.futurepadelacademy.com\/ca\/wp-json\/wp\/v2\/pages\/8979\/revisions\/9520"}],"wp:attachment":[{"href":"https:\/\/www.futurepadelacademy.com\/ca\/wp-json\/wp\/v2\/media?parent=8979"}],"curies":[{"name":"wp","href":"https:\/\/api.w.org\/{rel}","templated":true}]}}