{"id":8985,"date":"2021-12-16T10:15:36","date_gmt":"2021-12-16T08:15:36","guid":{"rendered":"http:\/\/futurepadelacademy.com\/equipo\/"},"modified":"2024-04-10T11:39:06","modified_gmt":"2024-04-10T09:39:06","slug":"equipo","status":"publish","type":"page","link":"https:\/\/www.futurepadelacademy.com\/ca\/equipo\/","title":{"rendered":"Equip"},"content":{"rendered":"","protected":false},"excerpt":{"rendered":"","protected":false},"author":2,"featured_media":8701,"parent":0,"menu_order":0,"comment_status":"closed","ping_status":"closed","template":"","meta":[],"yoast_head":"<!-- This site is optimized with the Yoast SEO plugin v18.9 - https:\/\/yoast.com\/wordpress\/plugins\/seo\/ -->\n<title>Equip - Future Padel Academy<\/title>\n<meta name=\"description\" content=\"Si vols saber m\u00e9s informaci\u00f3 sobre algun t\u00e8cnic nostre, preparador f\u00edsic o psic\u00f2leg, ho trobar\u00e0s a aquesta p\u00e0gina.\" \/>\n<meta name=\"robots\" content=\"index, follow, max-snippet:-1, max-image-preview:large, max-video-preview:-1\" \/>\n<link rel=\"canonical\" href=\"https:\/\/www.futurepadelacademy.com\/ca\/equipo\/\" \/>\n<meta property=\"og:locale\" content=\"ca_ES\" \/>\n<meta property=\"og:type\" content=\"article\" \/>\n<meta property=\"og:title\" content=\"Equip - Future Padel Academy\" \/>\n<meta property=\"og:description\" content=\"Si vols saber m\u00e9s informaci\u00f3 sobre algun t\u00e8cnic nostre, preparador f\u00edsic o psic\u00f2leg, ho trobar\u00e0s a aquesta p\u00e0gina.\" \/>\n<meta property=\"og:url\" content=\"https:\/\/www.futurepadelacademy.com\/ca\/equipo\/\" \/>\n<meta property=\"og:site_name\" content=\"Future Padel Academy\" \/>\n<meta property=\"article:modified_time\" content=\"2024-04-10T09:39:06+00:00\" \/>\n<meta property=\"og:image\" content=\"https:\/\/www.futurepadelacademy.com\/wp-content\/uploads\/2020\/05\/165341681_1146404649190665_7707857434418980975_n.jpeg\" \/>\n\t<meta property=\"og:image:width\" content=\"1080\" \/>\n\t<meta property=\"og:image:height\" content=\"1026\" \/>\n\t<meta property=\"og:image:type\" content=\"image\/jpeg\" \/>\n<meta name=\"twitter:card\" content=\"summary_large_image\" \/>\n<script type=\"application\/ld+json\" class=\"yoast-schema-graph\">{\"@context\":\"https:\/\/schema.org\",\"@graph\":[{\"@type\":\"WebSite\",\"@id\":\"https:\/\/www.futurepadelacademy.com\/#website\",\"url\":\"https:\/\/www.futurepadelacademy.com\/\",\"name\":\"Future Padel Academy\",\"description\":\"\",\"potentialAction\":[{\"@type\":\"SearchAction\",\"target\":{\"@type\":\"EntryPoint\",\"urlTemplate\":\"https:\/\/www.futurepadelacademy.com\/?s={search_term_string}\"},\"query-input\":\"required name=search_term_string\"}],\"inLanguage\":\"ca\"},{\"@type\":\"ImageObject\",\"inLanguage\":\"ca\",\"@id\":\"https:\/\/www.futurepadelacademy.com\/ca\/equipo\/#primaryimage\",\"url\":\"https:\/\/www.futurepadelacademy.com\/wp-content\/uploads\/2020\/05\/165341681_1146404649190665_7707857434418980975_n.jpeg\",\"contentUrl\":\"https:\/\/www.futurepadelacademy.com\/wp-content\/uploads\/2020\/05\/165341681_1146404649190665_7707857434418980975_n.jpeg\",\"width\":1080,\"height\":1026,\"caption\":\"Director y entrenador de la FPA con sudadera con capucha de la FPA\"},{\"@type\":\"WebPage\",\"@id\":\"https:\/\/www.futurepadelacademy.com\/ca\/equipo\/#webpage\",\"url\":\"https:\/\/www.futurepadelacademy.com\/ca\/equipo\/\",\"name\":\"Equip - Future Padel Academy\",\"isPartOf\":{\"@id\":\"https:\/\/www.futurepadelacademy.com\/#website\"},\"primaryImageOfPage\":{\"@id\":\"https:\/\/www.futurepadelacademy.com\/ca\/equipo\/#primaryimage\"},\"datePublished\":\"2021-12-16T08:15:36+00:00\",\"dateModified\":\"2024-04-10T09:39:06+00:00\",\"description\":\"Si vols saber m\u00e9s informaci\u00f3 sobre algun t\u00e8cnic nostre, preparador f\u00edsic o psic\u00f2leg, ho trobar\u00e0s a aquesta p\u00e0gina.\",\"breadcrumb\":{\"@id\":\"https:\/\/www.futurepadelacademy.com\/ca\/equipo\/#breadcrumb\"},\"inLanguage\":\"ca\",\"potentialAction\":[{\"@type\":\"ReadAction\",\"target\":[\"https:\/\/www.futurepadelacademy.com\/ca\/equipo\/\"]}]},{\"@type\":\"BreadcrumbList\",\"@id\":\"https:\/\/www.futurepadelacademy.com\/ca\/equipo\/#breadcrumb\",\"itemListElement\":[{\"@type\":\"ListItem\",\"position\":1,\"name\":\"Portada\",\"item\":\"https:\/\/www.futurepadelacademy.com\/ca\/\"},{\"@type\":\"ListItem\",\"position\":2,\"name\":\"Equip\"}]}]}<\/script>\n<!-- \/ Yoast SEO plugin. -->","yoast_head_json":{"title":"Equip - Future Padel Academy","description":"Si vols saber m\u00e9s informaci\u00f3 sobre algun t\u00e8cnic nostre, preparador f\u00edsic o psic\u00f2leg, ho trobar\u00e0s a aquesta p\u00e0gina.","robots":{"index":"index","follow":"follow","max-snippet":"max-snippet:-1","max-image-preview":"max-image-preview:large","max-video-preview":"max-video-preview:-1"},"canonical":"https:\/\/www.futurepadelacademy.com\/ca\/equipo\/","og_locale":"ca_ES","og_type":"article","og_title":"Equip - Future Padel Academy","og_description":"Si vols saber m\u00e9s informaci\u00f3 sobre algun t\u00e8cnic nostre, preparador f\u00edsic o psic\u00f2leg, ho trobar\u00e0s a aquesta p\u00e0gina.","og_url":"https:\/\/www.futurepadelacademy.com\/ca\/equipo\/","og_site_name":"Future Padel Academy","article_modified_time":"2024-04-10T09:39:06+00:00","og_image":[{"width":1080,"height":1026,"url":"https:\/\/www.futurepadelacademy.com\/wp-content\/uploads\/2020\/05\/165341681_1146404649190665_7707857434418980975_n.jpeg","type":"image\/jpeg"}],"twitter_card":"summary_large_image","schema":{"@context":"https:\/\/schema.org","@graph":[{"@type":"WebSite","@id":"https:\/\/www.futurepadelacademy.com\/#website","url":"https:\/\/www.futurepadelacademy.com\/","name":"Future Padel Academy","description":"","potentialAction":[{"@type":"SearchAction","target":{"@type":"EntryPoint","urlTemplate":"https:\/\/www.futurepadelacademy.com\/?s={search_term_string}"},"query-input":"required name=search_term_string"}],"inLanguage":"ca"},{"@type":"ImageObject","inLanguage":"ca","@id":"https:\/\/www.futurepadelacademy.com\/ca\/equipo\/#primaryimage","url":"https:\/\/www.futurepadelacademy.com\/wp-content\/uploads\/2020\/05\/165341681_1146404649190665_7707857434418980975_n.jpeg","contentUrl":"https:\/\/www.futurepadelacademy.com\/wp-content\/uploads\/2020\/05\/165341681_1146404649190665_7707857434418980975_n.jpeg","width":1080,"height":1026,"caption":"Director y entrenador de la FPA con sudadera con capucha de la FPA"},{"@type":"WebPage","@id":"https:\/\/www.futurepadelacademy.com\/ca\/equipo\/#webpage","url":"https:\/\/www.futurepadelacademy.com\/ca\/equipo\/","name":"Equip - Future Padel Academy","isPartOf":{"@id":"https:\/\/www.futurepadelacademy.com\/#website"},"primaryImageOfPage":{"@id":"https:\/\/www.futurepadelacademy.com\/ca\/equipo\/#primaryimage"},"datePublished":"2021-12-16T08:15:36+00:00","dateModified":"2024-04-10T09:39:06+00:00","description":"Si vols saber m\u00e9s informaci\u00f3 sobre algun t\u00e8cnic nostre, preparador f\u00edsic o psic\u00f2leg, ho trobar\u00e0s a aquesta p\u00e0gina.","breadcrumb":{"@id":"https:\/\/www.futurepadelacademy.com\/ca\/equipo\/#breadcrumb"},"inLanguage":"ca","potentialAction":[{"@type":"ReadAction","target":["https:\/\/www.futurepadelacademy.com\/ca\/equipo\/"]}]},{"@type":"BreadcrumbList","@id":"https:\/\/www.futurepadelacademy.com\/ca\/equipo\/#breadcrumb","itemListElement":[{"@type":"ListItem","position":1,"name":"Portada","item":"https:\/\/www.futurepadelacademy.com\/ca\/"},{"@type":"ListItem","position":2,"name":"Equip"}]}]}},"_links":{"self":[{"href":"https:\/\/www.futurepadelacademy.com\/ca\/wp-json\/wp\/v2\/pages\/8985"}],"collection":[{"href":"https:\/\/www.futurepadelacademy.com\/ca\/wp-json\/wp\/v2\/pages"}],"about":[{"href":"https:\/\/www.futurepadelacademy.com\/ca\/wp-json\/wp\/v2\/types\/page"}],"author":[{"embeddable":true,"href":"https:\/\/www.futurepadelacademy.com\/ca\/wp-json\/wp\/v2\/users\/2"}],"replies":[{"embeddable":true,"href":"https:\/\/www.futurepadelacademy.com\/ca\/wp-json\/wp\/v2\/comments?post=8985"}],"version-history":[{"count":5,"href":"https:\/\/www.futurepadelacademy.com\/ca\/wp-json\/wp\/v2\/pages\/8985\/revisions"}],"predecessor-version":[{"id":9505,"href":"https:\/\/www.futurepadelacademy.com\/ca\/wp-json\/wp\/v2\/pages\/8985\/revisions\/9505"}],"wp:featuredmedia":[{"embeddable":true,"href":"https:\/\/www.futurepadelacademy.com\/ca\/wp-json\/wp\/v2\/media\/8701"}],"wp:attachment":[{"href":"https:\/\/www.futurepadelacademy.com\/ca\/wp-json\/wp\/v2\/media?parent=8985"}],"curies":[{"name":"wp","href":"https:\/\/api.w.org\/{rel}","templated":true}]}}